{"id":71,"date":"2020-01-27T08:15:05","date_gmt":"2020-01-27T07:15:05","guid":{"rendered":"https:\/\/demosites.io\/web-agency-gb\/?page_id=71"},"modified":"2025-06-10T14:22:59","modified_gmt":"2025-06-10T12:22:59","slug":"15c42-web-agency-gb-portfolio-single","status":"publish","type":"page","link":"https:\/\/skautizhoro.cz\/?page_id=71","title":{"rendered":"Divo\u010d\u00e1ci"},"content":{"rendered":"\n<div class=\"wp-block-cover alignfull\" style=\"min-height:320px;aspect-ratio:unset;\"><span aria-hidden=\"true\" class=\"wp-block-cover__background has-nv-site-bg-background-color has-background-dim-100 has-background-dim\"><\/span><div class=\"wp-block-cover__inner-container is-layout-flow wp-block-cover-is-layout-flow\">\n<div class=\"wp-block-group\"><div class=\"wp-block-group__inner-container is-layout-flow wp-block-group-is-layout-flow\">\n<div class=\"wp-block-columns are-vertically-aligned-center is-layout-flex wp-container-core-columns-is-layout-9d6595d7 wp-block-columns-is-layout-flex\">\n<div class=\"wp-block-column is-vertically-aligned-center is-layout-flow wp-block-column-is-layout-flow\" style=\"flex-basis:70%\">\n<h1 class=\"wp-block-heading has-text-align-left has-neve-text-color-color has-text-color\" id=\"divocaci\">Divo\u010d\u00e1ci<\/h1>\n\n\n\n<p class=\"has-neve-link-color-color has-text-color\">Dru\u017eina divo\u010d\u00e1k\u016f je parta vl\u010dat a sv\u011btlu\u0161ek (chlapc\u016f a d\u00edvek od 8 do 10 let ). <\/p>\n\n\n\n<p class=\"has-neve-link-color-color has-text-color\">Ka\u017ed\u00fd t\u00fdden se sch\u00e1z\u00edme na dru\u017einov\u00fdch sch\u016fzk\u00e1ch. M\u00e1me r\u00e1di v\u00fdpravy do p\u0159\u00edrody a jin\u00e9 v\u00edkendov\u00e9 akce. Bav\u00ed n\u00e1s zkou\u0161en\u00ed a pozn\u00e1v\u00e1n\u00ed nov\u00fdch v\u011bc\u00ed, t\u011bmto v\u00fdzv\u00e1m \u010del\u00edme v\u017edy spole\u010dn\u011b a s \u00fasm\u011bvem. V l\u00e9t\u011b budeme jezdit na st\u0159ediskov\u00fd t\u00e1bor, na kter\u00e9m je spousta z\u00e1bavy a z\u00e1\u017eitk\u016f.<\/p>\n<\/div>\n\n\n\n<div class=\"wp-block-column is-vertically-aligned-center is-layout-flow wp-block-column-is-layout-flow\" style=\"flex-basis:30%\">\n<figure class=\"wp-block-image size-large\"><img loading=\"lazy\" decoding=\"async\" width=\"535\" height=\"500\" src=\"https:\/\/skautizhoro.cz\/wp-content\/uploads\/2021\/03\/Bez-nazvu-1-1.jpg\" alt=\"\" class=\"wp-image-338\" srcset=\"https:\/\/skautizhoro.cz\/wp-content\/uploads\/2021\/03\/Bez-nazvu-1-1.jpg 535w, https:\/\/skautizhoro.cz\/wp-content\/uploads\/2021\/03\/Bez-nazvu-1-1-300x280.jpg 300w\" sizes=\"auto, (max-width: 535px) 100vw, 535px\" \/><\/figure>\n<\/div>\n<\/div>\n<\/div><\/div>\n\n\n\n<div class=\"wp-block-group alignwide\"><div class=\"wp-block-group__inner-container is-layout-flow wp-block-group-is-layout-flow\">\n<div class=\"wp-block-columns alignwide has-text-color is-layout-flex wp-container-core-columns-is-layout-9d6595d7 wp-block-columns-is-layout-flex\" style=\"color:#000025\">\n<div class=\"wp-block-column is-layout-flow wp-block-column-is-layout-flow\">\n<h4 class=\"wp-block-heading has-neve-link-color-color has-text-color\"><strong>Pl\u00e1novan\u00e9 Akce:<\/strong><\/h4>\n\n\n\n<ul class=\"wp-block-list\">\n<li><a href=\"https:\/\/skautizhoro.cz\/?page_id=1023\"><strong>V\u00fdpravy<\/strong><\/a> &#8211; Jednou m\u011bs\u00ed\u010dn\u011b po\u0159\u00e1d\u00e1me celodenn\u00ed v\u00fdpravy, kde si d\u011bti zopakuj\u00ed to, co se za cel\u00fd m\u011bs\u00edc nau\u010dily a je\u0161t\u011b n\u011bco nav\u00edc&#8230;<\/li>\n<\/ul>\n\n\n\n<ul class=\"wp-block-list\">\n<li><a href=\"https:\/\/skautizhoro.cz\/?page_id=698\"><strong>T\u00e1bor<\/strong><\/a> &#8211; \u010dervenec 2023<\/li>\n<\/ul>\n<\/div>\n\n\n\n<div class=\"wp-block-column is-layout-flow wp-block-column-is-layout-flow\">\n<h4 class=\"wp-block-heading has-neve-link-color-color has-text-color\" id=\"na-schuzku-potrebujes\">Na sch\u016fzku pot\u0159ebuje\u0161<\/h4>\n\n\n\n<ul class=\"wp-block-list\">\n<li>N\u016f\u017e (pro mlad\u0161\u00ed se zakulacenou \u0161pi\u010dkou)<\/li>\n\n\n\n<li>Z\u00e1pisn\u00edk a pen\u00e1l (s tu\u017ekou, propiskou a pastelkami, n\u016f\u017ekami)<\/li>\n\n\n\n<li>Stezka<\/li>\n\n\n\n<li>Uzlova\u010dka (lano o pr\u016fm\u011bru 0,4<em>\u2013<\/em>0,7 cm a d\u00e9lce zhruba 2 m)<\/li>\n\n\n\n<li>Odd\u00edlov\u00e9 tri\u010dko<\/li>\n\n\n\n<li>Oble\u010den\u00ed vhodn\u00e9 na venkovn\u00ed program<\/li>\n\n\n\n<li>P\u0159ezut\u00ed do klubovny (je mo\u017en\u00e9 nechat v klubovn\u011b)<\/li>\n\n\n\n<li>Doporu\u010dujeme tak\u00e9 pit\u00ed<\/li>\n<\/ul>\n<\/div>\n\n\n\n<div class=\"wp-block-column has-text-color is-layout-flow wp-block-column-is-layout-flow\" style=\"color:#000025\">\n<h4 class=\"wp-block-heading has-neve-link-color-color has-text-color\" id=\"schuzky\">Sch\u016fzky<\/h4>\n\n\n\n<p class=\"has-nv-dark-bg-color has-text-color\"><strong>Na adrese:&nbsp;<\/strong> U Menhiru (na\u0161e klubovna)<\/p>\n\n\n\n<p class=\"has-nv-dark-bg-color has-text-color\"><strong>\u010dtvrtek:<\/strong>&nbsp;od 16:10 do 17:40<\/p>\n<\/div>\n<\/div>\n<\/div><\/div>\n<\/div><\/div>\n\n\n\n<div class=\"wp-block-group\"><div class=\"wp-block-group__inner-container is-layout-flow wp-block-group-is-layout-flow\">\n<h2 class=\"wp-block-heading has-text-align-center\" id=\"vedouci\">Vedouc\u00ed<\/h2>\n\n\n\n<hr class=\"wp-block-separator has-text-color has-neve-link-color-color has-alpha-channel-opacity has-neve-link-color-background-color has-background is-style-default\"\/>\n\n\n\n<div class=\"wp-block-columns is-layout-flex wp-container-core-columns-is-layout-9d6595d7 wp-block-columns-is-layout-flex\">\n<div class=\"wp-block-column is-layout-flow wp-block-column-is-layout-flow\"><div class=\"wp-block-image is-style-rounded\">\n<figure class=\"aligncenter size-thumbnail is-resized\"><img loading=\"lazy\" decoding=\"async\" src=\"https:\/\/skautizhoro.cz\/wp-content\/uploads\/2022\/09\/PG8BqkI-e1663154773378-150x150.jpeg\" alt=\"\" class=\"wp-image-770\" width=\"168\" height=\"168\"\/><\/figure>\n<\/div>\n\n\n<p class=\"has-text-align-center\">David &#8222;My\u0161pul\u00edn&#8220; Pek\u00e1rek<\/p>\n\n\n\n<p class=\"has-text-align-center\"><em>Z\u00e1stupce v\u016fdce odd\u00edlu divo\u010d\u00e1k\u016f<\/em><\/p>\n\n\n\n<ul class=\"wp-block-social-links aligncenter is-layout-flex wp-block-social-links-is-layout-flex\"><li class=\"wp-social-link wp-social-link-mail  wp-block-social-link\"><a href=\"mailto:myspuli@skaut.cz\" class=\"wp-block-social-link-anchor\"><svg width=\"24\" height=\"24\" viewBox=\"0 0 24 24\" version=\"1.1\" xmlns=\"http:\/\/www.w3.org\/2000\/svg\" aria-hidden=\"true\" focusable=\"false\"><path d=\"M19,5H5c-1.1,0-2,.9-2,2v10c0,1.1.9,2,2,2h14c1.1,0,2-.9,2-2V7c0-1.1-.9-2-2-2zm.5,12c0,.3-.2.5-.5.5H5c-.3,0-.5-.2-.5-.5V9.8l7.5,5.6,7.5-5.6V17zm0-9.1L12,13.6,4.5,7.9V7c0-.3.2-.5.5-.5h14c.3,0,.5.2.5.5v.9z\"><\/path><\/svg><span class=\"wp-block-social-link-label screen-reader-text\">E-mail<\/span><\/a><\/li><\/ul>\n<\/div>\n\n\n\n<div class=\"wp-block-column is-layout-flow wp-block-column-is-layout-flow\"><div class=\"wp-block-image is-style-rounded\">\n<figure class=\"aligncenter size-large is-resized\"><img loading=\"lazy\" decoding=\"async\" src=\"https:\/\/skautizhoro.cz\/wp-content\/uploads\/2021\/03\/Screenshot_2-edited.jpg\" alt=\"\" class=\"wp-image-334\" width=\"168\" height=\"168\" srcset=\"https:\/\/skautizhoro.cz\/wp-content\/uploads\/2021\/03\/Screenshot_2-edited.jpg 305w, https:\/\/skautizhoro.cz\/wp-content\/uploads\/2021\/03\/Screenshot_2-edited-300x300.jpg 300w, https:\/\/skautizhoro.cz\/wp-content\/uploads\/2021\/03\/Screenshot_2-edited-150x150.jpg 150w\" sizes=\"auto, (max-width: 168px) 100vw, 168px\" \/><\/figure>\n<\/div>\n\n\n<p class=\"has-text-align-center\">Adam &#8222;ku\u0159e&#8220; Jech<\/p>\n\n\n\n<p class=\"has-text-align-center\"><em>V\u016fdce odd\u00edl\u016f divo\u010d\u00e1k\u016f<\/em><\/p>\n<\/div>\n\n\n\n<div class=\"wp-block-column is-layout-flow wp-block-column-is-layout-flow\"><div class=\"wp-block-image\">\n<figure class=\"aligncenter size-large is-resized\"><img loading=\"lazy\" decoding=\"async\" src=\"https:\/\/skautizhoro.cz\/wp-content\/uploads\/2021\/03\/Bez-nazvu-1.jpg\" alt=\"\" class=\"wp-image-328\" width=\"122\" height=\"116\"\/><\/figure>\n<\/div>\n\n\n<p class=\"has-text-align-center\"><strong>Divo\u010d\u00e1k <\/strong><\/p>\n\n\n\n<p class=\"has-text-align-center\">\u201eJak jsi to prase p\u0159emohl?\u201c ptali se Vy\u0161ehrad\u0161t\u00ed. A Bivoj<br>vypr\u00e1v\u011bl, jak se na kance vypravil, aby ji\u017e lidi netr\u00e1pil, jak ten kanec<br>n\u00e1hle proti n\u011bmu vyrazil, \u017ee nesta\u010dil vyt\u00e1hnout o\u0161t\u011bp, a tak divok\u00e9ho<br>vep\u0159e chytil za u\u0161i, hodil si ho na z\u00e1da a sp\u011bchal s n\u00edm na Vy\u0161ehrad.<\/p>\n<\/div>\n<\/div>\n<\/div><\/div>\n\n\n\n<p><a href=\"https:\/\/skautizhoro.cz\/?page_id=440\">.<\/a><\/p>\n","protected":false},"excerpt":{"rendered":"<p>Vedouc\u00ed David &#8222;My\u0161pul\u00edn&#8220; Pek\u00e1rek Z\u00e1stupce v\u016fdce odd\u00edlu divo\u010d\u00e1k\u016f Adam &#8222;ku\u0159e&#8220; Jech V\u016fdce odd\u00edl\u016f divo\u010d\u00e1k\u016f Divo\u010d\u00e1k \u201eJak jsi to prase p\u0159emohl?\u201c ptali se Vy\u0161ehrad\u0161t\u00ed. A Bivojvypr\u00e1v\u011bl, jak se na kance vypravil, aby ji\u017e lidi netr\u00e1pil, jak ten kanecn\u00e1hle proti n\u011bmu vyrazil, \u017ee nesta\u010dil vyt\u00e1hnout o\u0161t\u011bp, a tak divok\u00e9hovep\u0159e chytil za u\u0161i, hodil si ho na z\u00e1da&hellip;&nbsp;<a href=\"https:\/\/skautizhoro.cz\/?page_id=71\" class=\"\" rel=\"bookmark\">\u010c\u00edst d\u00e1le &raquo;<span class=\"screen-reader-text\">Divo\u010d\u00e1ci<\/span><\/a><\/p>\n","protected":false},"author":2,"featured_media":0,"parent":0,"menu_order":0,"comment_status":"closed","ping_status":"closed","template":"","meta":{"neve_meta_sidebar":"default","neve_meta_container":"","neve_meta_enable_content_width":"on","neve_meta_content_width":100,"neve_meta_title_alignment":"","neve_meta_author_avatar":"","neve_post_elements_order":"","neve_meta_disable_header":"","neve_meta_disable_footer":"","neve_meta_disable_title":"on","footnotes":""},"class_list":["post-71","page","type-page","status-publish","hentry"],"_links":{"self":[{"href":"https:\/\/skautizhoro.cz\/index.php?rest_route=\/wp\/v2\/pages\/71","targetHints":{"allow":["GET"]}}],"collection":[{"href":"https:\/\/skautizhoro.cz\/index.php?rest_route=\/wp\/v2\/pages"}],"about":[{"href":"https:\/\/skautizhoro.cz\/index.php?rest_route=\/wp\/v2\/types\/page"}],"author":[{"embeddable":true,"href":"https:\/\/skautizhoro.cz\/index.php?rest_route=\/wp\/v2\/users\/2"}],"replies":[{"embeddable":true,"href":"https:\/\/skautizhoro.cz\/index.php?rest_route=%2Fwp%2Fv2%2Fcomments&post=71"}],"version-history":[{"count":61,"href":"https:\/\/skautizhoro.cz\/index.php?rest_route=\/wp\/v2\/pages\/71\/revisions"}],"predecessor-version":[{"id":1085,"href":"https:\/\/skautizhoro.cz\/index.php?rest_route=\/wp\/v2\/pages\/71\/revisions\/1085"}],"wp:attachment":[{"href":"https:\/\/skautizhoro.cz\/index.php?rest_route=%2Fwp%2Fv2%2Fmedia&parent=71"}],"curies":[{"name":"wp","href":"https:\/\/api.w.org\/{rel}","templated":true}]}}