{"id":69,"date":"2020-01-27T08:05:29","date_gmt":"2020-01-27T07:05:29","guid":{"rendered":"https:\/\/demosites.io\/web-agency-gb\/?page_id=69"},"modified":"2024-02-08T15:17:59","modified_gmt":"2024-02-08T14:17:59","slug":"15c42-web-agency-gb-portfolio","status":"publish","type":"page","link":"https:\/\/skautizhoro.cz\/?page_id=69","title":{"rendered":"Odd\u00edly"},"content":{"rendered":"\n<div class=\"wp-block-columns is-layout-flex wp-container-core-columns-is-layout-9d6595d7 wp-block-columns-is-layout-flex\">\n<div class=\"wp-block-column is-layout-flow wp-block-column-is-layout-flow\" style=\"flex-basis:100%\">\n<div class=\"wp-block-cover alignfull is-light\" style=\"min-height:600px;aspect-ratio:unset;\"><span aria-hidden=\"true\" class=\"wp-block-cover__background has-nv-light-bg-background-color has-background-dim-100 has-background-dim\"><\/span><div class=\"wp-block-cover__inner-container is-layout-flow wp-block-cover-is-layout-flow\">\n<div class=\"wp-block-group\"><div class=\"wp-block-group__inner-container is-layout-flow wp-block-group-is-layout-flow\">\n<div style=\"height:80px\" aria-hidden=\"true\" class=\"wp-block-spacer\"><\/div>\n\n\n\n<div class=\"wp-block-columns are-vertically-aligned-center is-layout-flex wp-container-core-columns-is-layout-9d6595d7 wp-block-columns-is-layout-flex\">\n<div class=\"wp-block-column is-vertically-aligned-center is-layout-flow wp-block-column-is-layout-flow\" style=\"flex-basis:33.34%\">\n<figure class=\"wp-block-image size-large\"><img loading=\"lazy\" decoding=\"async\" width=\"1024\" height=\"678\" src=\"https:\/\/skautizhoro.cz\/wp-content\/uploads\/2021\/03\/29166564263_1b648c7466_k-1024x678.jpg\" alt=\"\" class=\"wp-image-299\" srcset=\"https:\/\/skautizhoro.cz\/wp-content\/uploads\/2021\/03\/29166564263_1b648c7466_k-1024x678.jpg 1024w, https:\/\/skautizhoro.cz\/wp-content\/uploads\/2021\/03\/29166564263_1b648c7466_k-300x199.jpg 300w, https:\/\/skautizhoro.cz\/wp-content\/uploads\/2021\/03\/29166564263_1b648c7466_k-768x509.jpg 768w, https:\/\/skautizhoro.cz\/wp-content\/uploads\/2021\/03\/29166564263_1b648c7466_k-1536x1017.jpg 1536w, https:\/\/skautizhoro.cz\/wp-content\/uploads\/2021\/03\/29166564263_1b648c7466_k.jpg 2047w\" sizes=\"auto, (max-width: 1024px) 100vw, 1024px\" \/><\/figure>\n\n\n\n<h3 class=\"wp-block-heading has-text-align-center has-neve-text-color-color has-text-color\">Mloci (4-6 let)<\/h3>\n\n\n\n<p class=\"has-text-align-center has-neve-text-color-color has-text-color\">Sm\u00ed\u0161en\u00fd odd\u00edl benjam\u00ednk\u016f. <\/p>\n\n\n\n<div class=\"wp-block-buttons is-horizontal is-content-justification-center is-layout-flex wp-container-core-buttons-is-layout-499968f5 wp-block-buttons-is-layout-flex\">\n<div class=\"wp-block-button has-custom-width wp-block-button__width-50 is-style-secondary\"><a class=\"wp-block-button__link wp-element-button\" href=\"https:\/\/skautizhoro.cz\/?page_id=799\">mloci<\/a><\/div>\n<\/div>\n\n\n\n<div style=\"height:40px\" aria-hidden=\"true\" class=\"wp-block-spacer\"><\/div>\n<\/div>\n\n\n\n<div class=\"wp-block-column is-vertically-aligned-center is-layout-flow wp-block-column-is-layout-flow\" style=\"flex-basis:33.34%\">\n<figure class=\"wp-block-image size-large\"><img loading=\"lazy\" decoding=\"async\" width=\"1024\" height=\"678\" src=\"https:\/\/skautizhoro.cz\/wp-content\/uploads\/2021\/03\/29164476934_8714b39b8a_k-1024x678.jpg\" alt=\"\" class=\"wp-image-300\" srcset=\"https:\/\/skautizhoro.cz\/wp-content\/uploads\/2021\/03\/29164476934_8714b39b8a_k-1024x678.jpg 1024w, https:\/\/skautizhoro.cz\/wp-content\/uploads\/2021\/03\/29164476934_8714b39b8a_k-300x199.jpg 300w, https:\/\/skautizhoro.cz\/wp-content\/uploads\/2021\/03\/29164476934_8714b39b8a_k-768x509.jpg 768w, https:\/\/skautizhoro.cz\/wp-content\/uploads\/2021\/03\/29164476934_8714b39b8a_k-1536x1017.jpg 1536w, https:\/\/skautizhoro.cz\/wp-content\/uploads\/2021\/03\/29164476934_8714b39b8a_k.jpg 2047w\" sizes=\"auto, (max-width: 1024px) 100vw, 1024px\" \/><\/figure>\n\n\n\n<h3 class=\"wp-block-heading has-text-align-center has-neve-text-color-color has-text-color\">Divo\u010d\u00e1ci (7-10 let)<\/h3>\n\n\n\n<p class=\"has-text-align-center has-neve-text-color-color has-text-color\">Sm\u00ed\u0161en\u00fd odd\u00edl vl\u010dat a sv\u011btlu\u0161ek<a href=\"https:\/\/skautizhoro.cz\/?page_id=585\">.<\/a><\/p>\n\n\n\n<div class=\"wp-block-buttons is-horizontal is-content-justification-center is-layout-flex wp-container-core-buttons-is-layout-499968f5 wp-block-buttons-is-layout-flex\">\n<div class=\"wp-block-button has-custom-width wp-block-button__width-50 is-style-secondary\"><a class=\"wp-block-button__link wp-element-button\" href=\"https:\/\/skautizhoro.cz\/?page_id=71\">divo\u010d\u00e1ci<\/a><\/div>\n<\/div>\n\n\n\n<div style=\"height:40px\" aria-hidden=\"true\" class=\"wp-block-spacer\"><\/div>\n<\/div>\n\n\n\n<div class=\"wp-block-column is-layout-flow wp-block-column-is-layout-flow\" style=\"flex-basis:33.33%\">\n<figure class=\"wp-block-image size-full\"><img loading=\"lazy\" decoding=\"async\" width=\"799\" height=\"533\" src=\"https:\/\/skautizhoro.cz\/wp-content\/uploads\/2021\/03\/26612411478_f55ef84dca_c.jpg\" alt=\"\" class=\"wp-image-351\" srcset=\"https:\/\/skautizhoro.cz\/wp-content\/uploads\/2021\/03\/26612411478_f55ef84dca_c.jpg 799w, https:\/\/skautizhoro.cz\/wp-content\/uploads\/2021\/03\/26612411478_f55ef84dca_c-300x200.jpg 300w, https:\/\/skautizhoro.cz\/wp-content\/uploads\/2021\/03\/26612411478_f55ef84dca_c-768x512.jpg 768w\" sizes=\"auto, (max-width: 799px) 100vw, 799px\" \/><\/figure>\n\n\n\n<h3 class=\"wp-block-heading has-text-align-center\">Zub\u0159i (9-14 let)<\/h3>\n\n\n\n<p class=\"has-text-align-center\">Sm\u00ed\u0161en\u00fd odd\u00edl skaut\u016f a skautek<\/p>\n\n\n\n<div class=\"wp-block-buttons is-content-justification-center is-layout-flex wp-container-core-buttons-is-layout-16018d1d wp-block-buttons-is-layout-flex\">\n<div class=\"wp-block-button has-custom-width wp-block-button__width-50 is-style-secondary\"><a class=\"wp-block-button__link wp-element-button\" href=\"https:\/\/skautizhoro.cz\/?page_id=431\">Zub\u0159i<\/a><\/div>\n<\/div>\n<\/div>\n<\/div>\n<\/div><\/div>\n<\/div><\/div>\n<\/div>\n<\/div>\n","protected":false},"excerpt":{"rendered":"","protected":false},"author":2,"featured_media":0,"parent":0,"menu_order":0,"comment_status":"closed","ping_status":"closed","template":"","meta":{"neve_meta_sidebar":"full-width","neve_meta_container":"","neve_meta_enable_content_width":"on","neve_meta_content_width":100,"neve_meta_title_alignment":"","neve_meta_author_avatar":"","neve_post_elements_order":"","neve_meta_disable_header":"","neve_meta_disable_footer":"","neve_meta_disable_title":"on","footnotes":""},"class_list":["post-69","page","type-page","status-publish","hentry"],"_links":{"self":[{"href":"https:\/\/skautizhoro.cz\/index.php?rest_route=\/wp\/v2\/pages\/69","targetHints":{"allow":["GET"]}}],"collection":[{"href":"https:\/\/skautizhoro.cz\/index.php?rest_route=\/wp\/v2\/pages"}],"about":[{"href":"https:\/\/skautizhoro.cz\/index.php?rest_route=\/wp\/v2\/types\/page"}],"author":[{"embeddable":true,"href":"https:\/\/skautizhoro.cz\/index.php?rest_route=\/wp\/v2\/users\/2"}],"replies":[{"embeddable":true,"href":"https:\/\/skautizhoro.cz\/index.php?rest_route=%2Fwp%2Fv2%2Fcomments&post=69"}],"version-history":[{"count":18,"href":"https:\/\/skautizhoro.cz\/index.php?rest_route=\/wp\/v2\/pages\/69\/revisions"}],"predecessor-version":[{"id":1055,"href":"https:\/\/skautizhoro.cz\/index.php?rest_route=\/wp\/v2\/pages\/69\/revisions\/1055"}],"wp:attachment":[{"href":"https:\/\/skautizhoro.cz\/index.php?rest_route=%2Fwp%2Fv2%2Fmedia&parent=69"}],"curies":[{"name":"wp","href":"https:\/\/api.w.org\/{rel}","templated":true}]}}