{"id":585,"date":"2022-02-02T02:53:29","date_gmt":"2022-02-02T01:53:29","guid":{"rendered":"https:\/\/skautizhoro.cz\/?page_id=585"},"modified":"2023-05-10T20:39:06","modified_gmt":"2023-05-10T18:39:06","slug":"585-2","status":"publish","type":"page","link":"https:\/\/skautizhoro.cz\/?page_id=585","title":{"rendered":"Bodov\u00e1n\u00ed &#8211; Divo\u010d\u00e1ci"},"content":{"rendered":"\n<table id=\"tablepress-1\" class=\"tablepress tablepress-id-1\">\n<thead>\n<tr class=\"row-1\">\n\t<th class=\"column-1\">Akce<\/th><th class=\"column-2\">B\u00e9\u010dko<\/th><th class=\"column-3\">Kiki<\/th><th class=\"column-4\">Fany<\/th><th class=\"column-5\">Patrik<\/th><th class=\"column-6\">Emma<\/th><th class=\"column-7\">\u0160imon<\/th><th class=\"column-8\">Filip<\/th><th class=\"column-9\">Alb\u00edna<\/th><th class=\"column-10\">Ane\u017eka<\/th><th class=\"column-11\">Mikul\u00e1\u0161<\/th><th class=\"column-12\">Laura<\/th><th class=\"column-13\">Tobi\u00e1\u0161<\/th><th class=\"column-14\">Milan<\/th><th class=\"column-15\">Alfr\u00e9d<\/th><th class=\"column-16\">Jakub<\/th>\n<\/tr>\n<\/thead>\n<tbody class=\"row-striping row-hover\">\n<tr class=\"row-2\">\n\t<td class=\"column-1\"><strong>Leden<\/strong><\/td><td class=\"column-2\"><\/td><td class=\"column-3\"><\/td><td class=\"column-4\"><\/td><td class=\"column-5\"><\/td><td class=\"column-6\"><\/td><td class=\"column-7\"><\/td><td class=\"column-8\"><\/td><td class=\"column-9\"><\/td><td class=\"column-10\"><\/td><td class=\"column-11\"><\/td><td class=\"column-12\"><\/td><td class=\"column-13\"><\/td><td class=\"column-14\"><\/td><td class=\"column-15\"><\/td><td class=\"column-16\"><\/td>\n<\/tr>\n<tr class=\"row-3\">\n\t<td class=\"column-1\">Sch\u016fzka 13.01. 2022<\/td><td class=\"column-2\"><\/td><td class=\"column-3\"><\/td><td class=\"column-4\"><\/td><td class=\"column-5\"><\/td><td class=\"column-6\"><\/td><td class=\"column-7\"><\/td><td class=\"column-8\"><\/td><td class=\"column-9\"><\/td><td class=\"column-10\"><\/td><td class=\"column-11\"><\/td><td class=\"column-12\"><\/td><td class=\"column-13\"><\/td><td class=\"column-14\"><\/td><td class=\"column-15\"><\/td><td class=\"column-16\"><\/td>\n<\/tr>\n<tr class=\"row-4\">\n\t<td class=\"column-1\">Sch\u016fzka 20.01.2022<\/td><td class=\"column-2\"><\/td><td class=\"column-3\"><\/td><td class=\"column-4\"><\/td><td class=\"column-5\"><\/td><td class=\"column-6\"><\/td><td class=\"column-7\"><\/td><td class=\"column-8\"><\/td><td class=\"column-9\"><\/td><td class=\"column-10\"><\/td><td class=\"column-11\"><\/td><td class=\"column-12\"><\/td><td class=\"column-13\"><\/td><td class=\"column-14\"><\/td><td class=\"column-15\"><\/td><td class=\"column-16\"><\/td>\n<\/tr>\n<tr class=\"row-5\">\n\t<td class=\"column-1\">Sch\u016fzka 27.01.2022<\/td><td class=\"column-2\"><\/td><td class=\"column-3\"><\/td><td class=\"column-4\"><\/td><td class=\"column-5\"><\/td><td class=\"column-6\"><\/td><td class=\"column-7\"><\/td><td class=\"column-8\"><\/td><td class=\"column-9\"><\/td><td class=\"column-10\"><\/td><td class=\"column-11\"><\/td><td class=\"column-12\"><\/td><td class=\"column-13\"><\/td><td class=\"column-14\"><\/td><td class=\"column-15\"><\/td><td class=\"column-16\"><\/td>\n<\/tr>\n<tr class=\"row-6\">\n\t<td class=\"column-1\">Celkem za leden<\/td><td class=\"column-2\">0<\/td><td class=\"column-3\">0<\/td><td class=\"column-4\">0<\/td><td class=\"column-5\">0<\/td><td class=\"column-6\">0<\/td><td class=\"column-7\">0<\/td><td class=\"column-8\">0<\/td><td class=\"column-9\">0<\/td><td class=\"column-10\">0<\/td><td class=\"column-11\">0<\/td><td class=\"column-12\">0<\/td><td class=\"column-13\">0<\/td><td class=\"column-14\">0<\/td><td class=\"column-15\">0<\/td><td class=\"column-16\">0<\/td>\n<\/tr>\n<tr class=\"row-7\">\n\t<td class=\"column-1\">Sch\u016fzky za leden<\/td><td class=\"column-2\">0%<\/td><td class=\"column-3\">0%<\/td><td class=\"column-4\">0%<\/td><td class=\"column-5\">0%<\/td><td class=\"column-6\">0%<\/td><td class=\"column-7\">0%<\/td><td class=\"column-8\">0%<\/td><td class=\"column-9\">0%<\/td><td class=\"column-10\">0%<\/td><td class=\"column-11\">0%<\/td><td class=\"column-12\">0%<\/td><td class=\"column-13\">0%<\/td><td class=\"column-14\">0%<\/td><td class=\"column-15\">0%<\/td><td class=\"column-16\">0%<\/td>\n<\/tr>\n<tr class=\"row-8\">\n\t<td class=\"column-1\">V\u00fdpravy za leden<\/td><td class=\"column-2\">0%<\/td><td class=\"column-3\">0%<\/td><td class=\"column-4\">0%<\/td><td class=\"column-5\">0%<\/td><td class=\"column-6\">0%<\/td><td class=\"column-7\">0%<\/td><td class=\"column-8\">0%<\/td><td class=\"column-9\">0%<\/td><td class=\"column-10\">0%<\/td><td class=\"column-11\">0%<\/td><td class=\"column-12\">0%<\/td><td class=\"column-13\">0%<\/td><td class=\"column-14\">0%<\/td><td class=\"column-15\">0%<\/td><td class=\"column-16\">0%<\/td>\n<\/tr>\n<tr class=\"row-9\">\n\t<td class=\"column-1\"><strong>\u00danor<\/strong><\/td><td class=\"column-2\"><\/td><td class=\"column-3\"><\/td><td class=\"column-4\"><\/td><td class=\"column-5\"><\/td><td class=\"column-6\"><\/td><td class=\"column-7\"><\/td><td class=\"column-8\"><\/td><td class=\"column-9\"><\/td><td class=\"column-10\"><\/td><td class=\"column-11\"><\/td><td class=\"column-12\"><\/td><td class=\"column-13\"><\/td><td class=\"column-14\"><\/td><td class=\"column-15\"><\/td><td class=\"column-16\"><\/td>\n<\/tr>\n<tr class=\"row-10\">\n\t<td class=\"column-1\">Sch\u016fzka 03.02.2022<\/td><td class=\"column-2\"><\/td><td class=\"column-3\"><\/td><td class=\"column-4\"><\/td><td class=\"column-5\"><\/td><td class=\"column-6\"><\/td><td class=\"column-7\"><\/td><td class=\"column-8\"><\/td><td class=\"column-9\"><\/td><td class=\"column-10\"><\/td><td class=\"column-11\"><\/td><td class=\"column-12\"><\/td><td class=\"column-13\"><\/td><td class=\"column-14\"><\/td><td class=\"column-15\"><\/td><td class=\"column-16\"><\/td>\n<\/tr>\n<tr class=\"row-11\">\n\t<td class=\"column-1\">Sch\u016fzka 10.02.2022<\/td><td class=\"column-2\"><\/td><td class=\"column-3\"><\/td><td class=\"column-4\"><\/td><td class=\"column-5\"><\/td><td class=\"column-6\"><\/td><td class=\"column-7\"><\/td><td class=\"column-8\"><\/td><td class=\"column-9\"><\/td><td class=\"column-10\"><\/td><td class=\"column-11\"><\/td><td class=\"column-12\"><\/td><td class=\"column-13\"><\/td><td class=\"column-14\"><\/td><td class=\"column-15\"><\/td><td class=\"column-16\"><\/td>\n<\/tr>\n<tr class=\"row-12\">\n\t<td class=\"column-1\">Sch\u016fzka 17.02.2022<\/td><td class=\"column-2\"><\/td><td class=\"column-3\"><\/td><td class=\"column-4\"><\/td><td class=\"column-5\"><\/td><td class=\"column-6\"><\/td><td class=\"column-7\"><\/td><td class=\"column-8\"><\/td><td class=\"column-9\"><\/td><td class=\"column-10\"><\/td><td class=\"column-11\"><\/td><td class=\"column-12\"><\/td><td class=\"column-13\"><\/td><td class=\"column-14\"><\/td><td class=\"column-15\"><\/td><td class=\"column-16\"><\/td>\n<\/tr>\n<tr class=\"row-13\">\n\t<td class=\"column-1\">Sch\u016fzka 24.02.2022<\/td><td class=\"column-2\"><\/td><td class=\"column-3\"><\/td><td class=\"column-4\"><\/td><td class=\"column-5\"><\/td><td class=\"column-6\"><\/td><td class=\"column-7\"><\/td><td class=\"column-8\"><\/td><td class=\"column-9\"><\/td><td class=\"column-10\"><\/td><td class=\"column-11\"><\/td><td class=\"column-12\"><\/td><td class=\"column-13\"><\/td><td class=\"column-14\"><\/td><td class=\"column-15\"><\/td><td class=\"column-16\"><\/td>\n<\/tr>\n<tr class=\"row-14\">\n\t<td class=\"column-1\">Celkem za \u00fanor<\/td><td class=\"column-2\">0<\/td><td class=\"column-3\">0<\/td><td class=\"column-4\">0<\/td><td class=\"column-5\">0<\/td><td class=\"column-6\">0<\/td><td class=\"column-7\">0<\/td><td class=\"column-8\">0<\/td><td class=\"column-9\">0<\/td><td class=\"column-10\">0<\/td><td class=\"column-11\">0<\/td><td class=\"column-12\">0<\/td><td class=\"column-13\">0<\/td><td class=\"column-14\">0<\/td><td class=\"column-15\">0<\/td><td class=\"column-16\">0<\/td>\n<\/tr>\n<tr class=\"row-15\">\n\t<td class=\"column-1\">Sch\u016fzky za \u00fanor<\/td><td class=\"column-2\">0%<\/td><td class=\"column-3\">0%<\/td><td class=\"column-4\">0%<\/td><td class=\"column-5\">0%<\/td><td class=\"column-6\">0%<\/td><td class=\"column-7\">0%<\/td><td class=\"column-8\">0%<\/td><td class=\"column-9\">0%<\/td><td class=\"column-10\">0%<\/td><td class=\"column-11\">0%<\/td><td class=\"column-12\">0%<\/td><td class=\"column-13\">0%<\/td><td class=\"column-14\">0%<\/td><td class=\"column-15\">0%<\/td><td class=\"column-16\">0%<\/td>\n<\/tr>\n<tr class=\"row-16\">\n\t<td class=\"column-1\">V\u00fdpravy za \u00fanor<\/td><td class=\"column-2\">0%<\/td><td class=\"column-3\">0%<\/td><td class=\"column-4\">0%<\/td><td class=\"column-5\">0%<\/td><td class=\"column-6\">0%<\/td><td class=\"column-7\">0%<\/td><td class=\"column-8\">0%<\/td><td class=\"column-9\">0%<\/td><td class=\"column-10\">0%<\/td><td class=\"column-11\">0%<\/td><td class=\"column-12\">0%<\/td><td class=\"column-13\">0%<\/td><td class=\"column-14\">0%<\/td><td class=\"column-15\">0%<\/td><td class=\"column-16\">0%<\/td>\n<\/tr>\n<tr class=\"row-17\">\n\t<td class=\"column-1\"><strong>B\u0159ezen<\/strong><\/td><td class=\"column-2\"><\/td><td class=\"column-3\"><\/td><td class=\"column-4\"><\/td><td class=\"column-5\"><\/td><td class=\"column-6\"><\/td><td class=\"column-7\"><\/td><td class=\"column-8\"><\/td><td class=\"column-9\"><\/td><td class=\"column-10\"><\/td><td class=\"column-11\"><\/td><td class=\"column-12\"><\/td><td class=\"column-13\"><\/td><td class=\"column-14\"><\/td><td class=\"column-15\"><\/td><td class=\"column-16\"><\/td>\n<\/tr>\n<tr class=\"row-18\">\n\t<td class=\"column-1\">Sch\u016fzka 03.03.2022<\/td><td class=\"column-2\"><\/td><td class=\"column-3\"><\/td><td class=\"column-4\"><\/td><td class=\"column-5\"><\/td><td class=\"column-6\"><\/td><td class=\"column-7\"><\/td><td class=\"column-8\"><\/td><td class=\"column-9\"><\/td><td class=\"column-10\"><\/td><td class=\"column-11\"><\/td><td class=\"column-12\"><\/td><td class=\"column-13\"><\/td><td class=\"column-14\"><\/td><td class=\"column-15\"><\/td><td class=\"column-16\"><\/td>\n<\/tr>\n<tr class=\"row-19\">\n\t<td class=\"column-1\">Sch\u016fzka 10.03.2022<\/td><td class=\"column-2\"><\/td><td class=\"column-3\"><\/td><td class=\"column-4\"><\/td><td class=\"column-5\"><\/td><td class=\"column-6\"><\/td><td class=\"column-7\"><\/td><td class=\"column-8\"><\/td><td class=\"column-9\"><\/td><td class=\"column-10\"><\/td><td class=\"column-11\"><\/td><td class=\"column-12\"><\/td><td class=\"column-13\"><\/td><td class=\"column-14\"><\/td><td class=\"column-15\"><\/td><td class=\"column-16\"><\/td>\n<\/tr>\n<tr class=\"row-20\">\n\t<td class=\"column-1\">Sch\u016fzka 17.03.2022<\/td><td class=\"column-2\"><\/td><td class=\"column-3\"><\/td><td class=\"column-4\"><\/td><td class=\"column-5\"><\/td><td class=\"column-6\"><\/td><td class=\"column-7\"><\/td><td class=\"column-8\"><\/td><td class=\"column-9\"><\/td><td class=\"column-10\"><\/td><td class=\"column-11\"><\/td><td class=\"column-12\"><\/td><td class=\"column-13\"><\/td><td class=\"column-14\"><\/td><td class=\"column-15\"><\/td><td class=\"column-16\"><\/td>\n<\/tr>\n<tr class=\"row-21\">\n\t<td class=\"column-1\">Sch\u016fzka 24.03.2022<\/td><td class=\"column-2\"><\/td><td class=\"column-3\"><\/td><td class=\"column-4\"><\/td><td class=\"column-5\"><\/td><td class=\"column-6\"><\/td><td class=\"column-7\"><\/td><td class=\"column-8\"><\/td><td class=\"column-9\"><\/td><td class=\"column-10\"><\/td><td class=\"column-11\"><\/td><td class=\"column-12\"><\/td><td class=\"column-13\"><\/td><td class=\"column-14\"><\/td><td class=\"column-15\"><\/td><td class=\"column-16\"><\/td>\n<\/tr>\n<tr class=\"row-22\">\n\t<td class=\"column-1\">Celkem za b\u0159ezen<\/td><td class=\"column-2\">0<\/td><td class=\"column-3\">0<\/td><td class=\"column-4\">0<\/td><td class=\"column-5\">0<\/td><td class=\"column-6\">0<\/td><td class=\"column-7\">0<\/td><td class=\"column-8\">0<\/td><td class=\"column-9\">0<\/td><td class=\"column-10\">0<\/td><td class=\"column-11\">0<\/td><td class=\"column-12\">0<\/td><td class=\"column-13\">0<\/td><td class=\"column-14\">0<\/td><td class=\"column-15\">0<\/td><td class=\"column-16\">0<\/td>\n<\/tr>\n<tr class=\"row-23\">\n\t<td class=\"column-1\">Sch\u016fzky za b\u0159ezen<\/td><td class=\"column-2\">0%<\/td><td class=\"column-3\">0%<\/td><td class=\"column-4\">0%<\/td><td class=\"column-5\">0%<\/td><td class=\"column-6\">0%<\/td><td class=\"column-7\">0%<\/td><td class=\"column-8\">0%<\/td><td class=\"column-9\">0%<\/td><td class=\"column-10\">0%<\/td><td class=\"column-11\">0%<\/td><td class=\"column-12\">0%<\/td><td class=\"column-13\">0%<\/td><td class=\"column-14\">0%<\/td><td class=\"column-15\">0%<\/td><td class=\"column-16\">0%<\/td>\n<\/tr>\n<tr class=\"row-24\">\n\t<td class=\"column-1\">V\u00fdpravy za b\u0159ezen<\/td><td class=\"column-2\">0%<\/td><td class=\"column-3\">0%<\/td><td class=\"column-4\">0%<\/td><td class=\"column-5\">0%<\/td><td class=\"column-6\">0%<\/td><td class=\"column-7\">0%<\/td><td class=\"column-8\">0%<\/td><td class=\"column-9\">0%<\/td><td class=\"column-10\">0%<\/td><td class=\"column-11\">0%<\/td><td class=\"column-12\">0%<\/td><td class=\"column-13\">0%<\/td><td class=\"column-14\">0%<\/td><td class=\"column-15\">0%<\/td><td class=\"column-16\">0%<\/td>\n<\/tr>\n<tr class=\"row-25\">\n\t<td class=\"column-1\"><b>Celkem za 2. pololet\u00ed 2021\/2022<\/b><\/td><td class=\"column-2\"><\/td><td class=\"column-3\"><\/td><td class=\"column-4\"><\/td><td class=\"column-5\"><\/td><td class=\"column-6\"><\/td><td class=\"column-7\"><\/td><td class=\"column-8\"><\/td><td class=\"column-9\"><\/td><td class=\"column-10\"><\/td><td class=\"column-11\"><\/td><td class=\"column-12\"><\/td><td class=\"column-13\"><\/td><td class=\"column-14\"><\/td><td class=\"column-15\"><\/td><td class=\"column-16\"><\/td>\n<\/tr>\n<tr class=\"row-26\">\n\t<td class=\"column-1\">body<\/td><td class=\"column-2\">0<\/td><td class=\"column-3\">0<\/td><td class=\"column-4\">0<\/td><td class=\"column-5\">0<\/td><td class=\"column-6\">0<\/td><td class=\"column-7\">0<\/td><td class=\"column-8\">0<\/td><td class=\"column-9\">0<\/td><td class=\"column-10\">0<\/td><td class=\"column-11\">0<\/td><td class=\"column-12\">0<\/td><td class=\"column-13\">0<\/td><td class=\"column-14\">0<\/td><td class=\"column-15\">0<\/td><td class=\"column-16\">0<\/td>\n<\/tr>\n<tr class=\"row-27\">\n\t<td class=\"column-1\">sch\u016fzky<\/td><td class=\"column-2\">0%<\/td><td class=\"column-3\">0%<\/td><td class=\"column-4\">0%<\/td><td class=\"column-5\">0%<\/td><td class=\"column-6\">0%<\/td><td class=\"column-7\">0%<\/td><td class=\"column-8\">0%<\/td><td class=\"column-9\">0%<\/td><td class=\"column-10\">0%<\/td><td class=\"column-11\">0%<\/td><td class=\"column-12\">0%<\/td><td class=\"column-13\">0%<\/td><td class=\"column-14\">0%<\/td><td class=\"column-15\">0%<\/td><td class=\"column-16\">0%<\/td>\n<\/tr>\n<tr class=\"row-28\">\n\t<td class=\"column-1\">v\u00fdpravy<\/td><td class=\"column-2\">0%<\/td><td class=\"column-3\">0%<\/td><td class=\"column-4\">0%<\/td><td class=\"column-5\">0%<\/td><td class=\"column-6\">0%<\/td><td class=\"column-7\">0%<\/td><td class=\"column-8\">0%<\/td><td class=\"column-9\">0%<\/td><td class=\"column-10\">0%<\/td><td class=\"column-11\">0%<\/td><td class=\"column-12\">0%<\/td><td class=\"column-13\">0%<\/td><td class=\"column-14\">0%<\/td><td class=\"column-15\">0%<\/td><td class=\"column-16\">0%<\/td>\n<\/tr>\n<\/tbody>\n<\/table>\n<!-- #tablepress-1 from cache -->\n","protected":false},"excerpt":{"rendered":"","protected":false},"author":3,"featured_media":0,"parent":0,"menu_order":0,"comment_status":"closed","ping_status":"closed","template":"","meta":{"neve_meta_sidebar":"full-width","neve_meta_container":"","neve_meta_enable_content_width":"on","neve_meta_content_width":100,"neve_meta_title_alignment":"","neve_meta_author_avatar":"","neve_post_elements_order":"","neve_meta_disable_header":"","neve_meta_disable_footer":"","neve_meta_disable_title":"","footnotes":""},"class_list":["post-585","page","type-page","status-publish","hentry"],"_links":{"self":[{"href":"https:\/\/skautizhoro.cz\/index.php?rest_route=\/wp\/v2\/pages\/585","targetHints":{"allow":["GET"]}}],"collection":[{"href":"https:\/\/skautizhoro.cz\/index.php?rest_route=\/wp\/v2\/pages"}],"about":[{"href":"https:\/\/skautizhoro.cz\/index.php?rest_route=\/wp\/v2\/types\/page"}],"author":[{"embeddable":true,"href":"https:\/\/skautizhoro.cz\/index.php?rest_route=\/wp\/v2\/users\/3"}],"replies":[{"embeddable":true,"href":"https:\/\/skautizhoro.cz\/index.php?rest_route=%2Fwp%2Fv2%2Fcomments&post=585"}],"version-history":[{"count":4,"href":"https:\/\/skautizhoro.cz\/index.php?rest_route=\/wp\/v2\/pages\/585\/revisions"}],"predecessor-version":[{"id":1012,"href":"https:\/\/skautizhoro.cz\/index.php?rest_route=\/wp\/v2\/pages\/585\/revisions\/1012"}],"wp:attachment":[{"href":"https:\/\/skautizhoro.cz\/index.php?rest_route=%2Fwp%2Fv2%2Fmedia&parent=585"}],"curies":[{"name":"wp","href":"https:\/\/api.w.org\/{rel}","templated":true}]}}