{"id":440,"date":"2022-02-02T02:55:07","date_gmt":"2022-02-02T01:55:07","guid":{"rendered":"https:\/\/skautizhoro.cz\/?page_id=440"},"modified":"2022-03-24T00:48:05","modified_gmt":"2022-03-23T23:48:05","slug":"totalni-divocina","status":"publish","type":"page","link":"https:\/\/skautizhoro.cz\/?page_id=440","title":{"rendered":"Tot\u00e1ln\u00ed divo\u010dina"},"content":{"rendered":"","protected":true},"excerpt":{"rendered":"","protected":true},"author":3,"featured_media":0,"parent":0,"menu_order":0,"comment_status":"closed","ping_status":"closed","template":"","meta":{"neve_meta_sidebar":"full-width","neve_meta_container":"","neve_meta_enable_content_width":"on","neve_meta_content_width":100,"neve_meta_title_alignment":"","neve_meta_author_avatar":"","neve_post_elements_order":"","neve_meta_disable_header":"","neve_meta_disable_footer":"","neve_meta_disable_title":"","footnotes":""},"class_list":["post-440","page","type-page","status-publish","post-password-required","hentry"],"_links":{"self":[{"href":"https:\/\/skautizhoro.cz\/index.php?rest_route=\/wp\/v2\/pages\/440","targetHints":{"allow":["GET"]}}],"collection":[{"href":"https:\/\/skautizhoro.cz\/index.php?rest_route=\/wp\/v2\/pages"}],"about":[{"href":"https:\/\/skautizhoro.cz\/index.php?rest_route=\/wp\/v2\/types\/page"}],"author":[{"embeddable":true,"href":"https:\/\/skautizhoro.cz\/index.php?rest_route=\/wp\/v2\/users\/3"}],"replies":[{"embeddable":true,"href":"https:\/\/skautizhoro.cz\/index.php?rest_route=%2Fwp%2Fv2%2Fcomments&post=440"}],"version-history":[{"count":39,"href":"https:\/\/skautizhoro.cz\/index.php?rest_route=\/wp\/v2\/pages\/440\/revisions"}],"predecessor-version":[{"id":992,"href":"https:\/\/skautizhoro.cz\/index.php?rest_route=\/wp\/v2\/pages\/440\/revisions\/992"}],"wp:attachment":[{"href":"https:\/\/skautizhoro.cz\/index.php?rest_route=%2Fwp%2Fv2%2Fmedia&parent=440"}],"curies":[{"name":"wp","href":"https:\/\/api.w.org\/{rel}","templated":true}]}}