{"id":230,"date":"2020-01-13T11:17:52","date_gmt":"2020-01-13T11:17:52","guid":{"rendered":"https:\/\/demosites.io\/web-agency-gb\/?page_id=5"},"modified":"2023-05-11T12:18:34","modified_gmt":"2023-05-11T10:18:34","slug":"15c42-web-agency-gb-home","status":"publish","type":"page","link":"https:\/\/skautizhoro.cz\/","title":{"rendered":"\u00davod"},"content":{"rendered":"\n<div class=\"wp-block-cover alignfull has-parallax\" style=\"min-height:700px;aspect-ratio:unset;\"><span aria-hidden=\"true\" class=\"wp-block-cover__background has-background-dim wp-block-cover__gradient-background has-background-gradient\" style=\"background:linear-gradient(135deg,rgb(0,0,0) 0%,rgb(214,198,13) 50%,rgb(212,166,0) 100%)\"><\/span><div role=\"img\" class=\"wp-block-cover__image-background wp-image-345 has-parallax\" style=\"background-position:50% 50%;background-image:url(https:\/\/skautizhoro.cz\/wp-content\/uploads\/2021\/03\/Screenshot_3.jpg)\"><\/div><div class=\"wp-block-cover__inner-container is-layout-flow wp-block-cover-is-layout-flow\">\n<div style=\"height:80px\" aria-hidden=\"true\" class=\"wp-block-spacer\"><\/div>\n\n\n\n<h1 class=\"wp-block-heading has-text-align-center has-nv-site-bg-color has-text-color\" style=\"font-size:90px\">Divo\u010d\u00e1ci<\/h1>\n\n\n\n<p class=\"has-text-align-center has-text-color\" style=\"color:#121212;font-size:40px\"><strong><mark style=\"background-color:rgba(0, 0, 0, 0);color:#ffffff\" class=\"has-inline-color\">8. Odd\u00edl St\u0159. Radost<\/mark><\/strong><\/p>\n\n\n\n<div class=\"wp-block-buttons is-horizontal is-content-justification-center is-layout-flex wp-container-core-buttons-is-layout-499968f5 wp-block-buttons-is-layout-flex\"><\/div>\n\n\n\n<div style=\"height:80px\" aria-hidden=\"true\" class=\"wp-block-spacer\"><\/div>\n\n\n\n<div style=\"height:80px\" aria-hidden=\"true\" class=\"wp-block-spacer\"><\/div>\n<\/div><\/div>\n\n\n\n<div style=\"height:80px\" aria-hidden=\"true\" class=\"wp-block-spacer\"><\/div>\n\n\n\n<div class=\"wp-block-columns is-layout-flex wp-container-core-columns-is-layout-9d6595d7 wp-block-columns-is-layout-flex\">\n<div class=\"wp-block-column is-layout-flow wp-block-column-is-layout-flow\"><div class=\"wp-block-image icon-style is-style-rounded\">\n<figure class=\"aligncenter size-full\"><img loading=\"lazy\" decoding=\"async\" width=\"72\" height=\"72\" src=\"https:\/\/skautizhoro.cz\/wp-content\/uploads\/2020\/01\/neve-webdesign-GB-03.png\" alt=\"\" class=\"wp-image-20\"\/><\/figure>\n<\/div>\n\n\n<h3 class=\"wp-block-heading has-text-align-center has-neve-text-color-color has-text-color\">Parta na cel\u00fd \u017eivot<\/h3>\n\n\n\n<p class=\"has-text-align-center\">Kamar\u00e1di z prvn\u00edch v\u00fdprav a t\u00e1bor\u016f jsou \u010dasto ti, se kter\u00fdmi d\u00edt\u011b \u017eije i cel\u00e9 dosp\u00edv\u00e1n\u00ed. Podobn\u00e9 hodnoty a netradi\u010dn\u00ed z\u00e1\u017eitky toti\u017e opravdu spojuj\u00ed. \u010clov\u011bk z\u00edsk\u00e1 pocit, \u017ee n\u011bkam pat\u0159\u00ed.<\/p>\n\n\n\n<div style=\"height:20px\" aria-hidden=\"true\" class=\"wp-block-spacer\"><\/div>\n<\/div>\n\n\n\n<div class=\"wp-block-column is-layout-flow wp-block-column-is-layout-flow\"><div class=\"wp-block-image icon-style is-style-rounded\">\n<figure class=\"aligncenter size-full\"><img loading=\"lazy\" decoding=\"async\" width=\"72\" height=\"72\" src=\"https:\/\/skautizhoro.cz\/wp-content\/uploads\/2020\/01\/neve-webdesign-GB-04.png\" alt=\"\" class=\"wp-image-21\"\/><\/figure>\n<\/div>\n\n\n<h3 class=\"wp-block-heading has-text-align-center\">Radost a z\u00e1\u017eitky<\/h3>\n\n\n\n<p class=\"has-text-align-center\">Ak\u010dn\u00ed hry, spole\u010dn\u00e9 v\u00fdpravy a no\u010dn\u00ed bojovky udr\u017euj\u00ed celo\u017eivotn\u00ed hravost, zv\u00eddavost a z\u00e1pal.<\/p>\n\n\n\n<h3 class=\"wp-block-heading has-text-align-center has-neve-text-color-color has-text-color\"><\/h3>\n\n\n\n<div style=\"height:20px\" aria-hidden=\"true\" class=\"wp-block-spacer\"><\/div>\n<\/div>\n\n\n\n<div class=\"wp-block-column is-layout-flow wp-block-column-is-layout-flow\"><div class=\"wp-block-image icon-style is-style-rounded\">\n<figure class=\"aligncenter size-full\"><img loading=\"lazy\" decoding=\"async\" width=\"72\" height=\"72\" src=\"https:\/\/skautizhoro.cz\/wp-content\/uploads\/2020\/01\/neve-webdesign-GB-01.png\" alt=\"\" class=\"wp-image-18\"\/><\/figure>\n<\/div>\n\n\n<h3 class=\"wp-block-heading has-text-align-center\">Samostatnost<\/h3>\n\n\n\n<p class=\"has-text-align-center\">Skaut mlad\u00e9 lidi u\u010d\u00ed z\u00edsk\u00e1vat pot\u0159ebn\u00e9 informace a vyhodnocovat je. A tak\u00e9 neb\u00e1t se rozhodnout a vykro\u010dit.<\/p>\n\n\n\n<div style=\"height:20px\" aria-hidden=\"true\" class=\"wp-block-spacer\"><\/div>\n<\/div>\n<\/div>\n\n\n\n<div style=\"height:80px\" aria-hidden=\"true\" class=\"wp-block-spacer\"><\/div>\n\n\n\n<div class=\"wp-block-cover alignfull\" style=\"min-height:600px;aspect-ratio:unset;\"><span aria-hidden=\"true\" class=\"wp-block-cover__background has-nv-light-bg-background-color has-background-dim-100 has-background-dim\"><\/span><div class=\"wp-block-cover__inner-container is-layout-flow wp-block-cover-is-layout-flow\">\n<div class=\"wp-block-group\"><div class=\"wp-block-group__inner-container is-layout-flow wp-block-group-is-layout-flow\">\n<div class=\"wp-block-columns are-vertically-aligned-center is-layout-flex wp-container-core-columns-is-layout-9d6595d7 wp-block-columns-is-layout-flex\">\n<div class=\"wp-block-column is-vertically-aligned-center is-layout-flow wp-block-column-is-layout-flow\" style=\"flex-basis:50%\">\n<figure class=\"wp-block-image size-large\"><img loading=\"lazy\" decoding=\"async\" width=\"799\" height=\"534\" src=\"https:\/\/skautizhoro.cz\/wp-content\/uploads\/2021\/03\/38672820670_d96cfe6d63_c.jpg\" alt=\"\" class=\"wp-image-350\" srcset=\"https:\/\/skautizhoro.cz\/wp-content\/uploads\/2021\/03\/38672820670_d96cfe6d63_c.jpg 799w, https:\/\/skautizhoro.cz\/wp-content\/uploads\/2021\/03\/38672820670_d96cfe6d63_c-300x201.jpg 300w, https:\/\/skautizhoro.cz\/wp-content\/uploads\/2021\/03\/38672820670_d96cfe6d63_c-768x513.jpg 768w\" sizes=\"auto, (max-width: 799px) 100vw, 799px\" \/><\/figure>\n<\/div>\n\n\n\n<div class=\"wp-block-column is-layout-flow wp-block-column-is-layout-flow\"><\/div>\n\n\n\n<div class=\"wp-block-column is-vertically-aligned-center is-layout-flow wp-block-column-is-layout-flow\" style=\"flex-basis:50%\">\n<div style=\"height:20px\" aria-hidden=\"true\" class=\"wp-block-spacer\"><\/div>\n\n\n\n<h3 class=\"wp-block-heading\">Skautsk\u00fd program<\/h3>\n\n\n\n<p>Skautsk\u00fd program je pestrobarevn\u00fd \u2013 n\u00e1pl\u0148 \u010dinnost\u00ed je r\u016fznorod\u00e1 a p\u0159izp\u016fsoben\u00e1 jak v\u011bku, tak individu\u00e1ln\u00edm pot\u0159eb\u00e1m d\u011bt\u00ed.<\/p>\n\n\n\n<p>V odd\u00edlech se potk\u00e1vaj\u00ed d\u011bti a mlad\u00ed lid\u00e9 s rozd\u00edln\u00fdmi schopnostmi, r\u016fzn\u00fdch n\u00e1rodnost\u00ed nebo odli\u0161n\u00e9ho n\u00e1bo\u017eensk\u00e9ho vyzn\u00e1n\u00ed. Skauting je otev\u0159en v\u0161em a ka\u017ed\u00e9mu nab\u00edz\u00ed p\u0159\u00edle\u017eitost nav\u00e1zat nov\u00e1 p\u0159\u00e1telstv\u00ed.<\/p>\n\n\n\n<p>Skauti pro\u017e\u00edvaj\u00ed \u017eivot naplno. Berou ho do sv\u00fdch rukou a d\u011blaj\u00ed to, co je bav\u00ed. Fot\u00ed, p\u00ed\u0161\u00ed report\u00e1\u017ee, sla\u0148uj\u00ed sk\u00e1ly, hraj\u00ed na kytaru nebo sportuj\u00ed.<\/p>\n\n\n\n<p>Nejd\u016fle\u017eit\u011bj\u0161\u00ed je ale to, co se p\u0159itom u\u010d\u00ed mimochodem \u2013 \u017ee m\u00e1 cenu se o n\u011bco sna\u017eit, zapojit se, spolupracovat, b\u00fdt sou\u010d\u00e1st\u00ed sv\u011bta.<\/p>\n\n\n\n<div class=\"wp-block-buttons is-horizontal is-content-justification-left is-layout-flex wp-container-core-buttons-is-layout-7e5fce0a wp-block-buttons-is-layout-flex\"><\/div>\n<\/div>\n<\/div>\n<\/div><\/div>\n<\/div><\/div>\n\n\n\n<div class=\"wp-block-cover alignfull\" style=\"min-height:600px;aspect-ratio:unset;\"><span aria-hidden=\"true\" class=\"wp-block-cover__background has-nv-site-bg-background-color has-background-dim-100 has-background-dim\"><\/span><div class=\"wp-block-cover__inner-container is-layout-flow wp-block-cover-is-layout-flow\">\n<div class=\"wp-block-group\"><div class=\"wp-block-group__inner-container is-layout-flow wp-block-group-is-layout-flow\">\n<div style=\"height:1px\" aria-hidden=\"true\" class=\"wp-block-spacer\"><\/div>\n\n\n\n<div class=\"wp-block-columns are-vertically-aligned-center is-layout-flex wp-container-core-columns-is-layout-9d6595d7 wp-block-columns-is-layout-flex\">\n<div class=\"wp-block-column is-vertically-aligned-center is-layout-flow wp-block-column-is-layout-flow\" style=\"flex-basis:50%\">\n<h3 class=\"wp-block-heading has-neve-link-color-color has-text-color\">D\u011bti se u\u010d\u00ed t\u00fdmov\u00e9 pr\u00e1ci<\/h3>\n\n\n\n<p class=\"has-neve-link-color-color has-text-color\">Z\u00e1kladn\u00edm prost\u0159edkem ve skautsk\u00e9 v\u00fdchovn\u00e9 metod\u011b je dru\u017einov\u00fd syst\u00e9m. P\u011bti a\u017e sedmi\u010dlenn\u00e9 skupiny (dru\u017einy) pracuj\u00ed v t\u00fdmu a spole\u010dn\u011b p\u0159ipravuj\u00ed i realizuj\u00ed program.<\/p>\n\n\n\n<p class=\"has-neve-link-color-color has-text-color\">Dru\u017einu vede star\u0161\u00ed a zku\u0161en\u011bj\u0161\u00ed skaut \u010di skautka za dohledu dosp\u011bl\u00e9ho. U\u010d\u00ed se odpov\u011bdnosti za druh\u00e9 a pod\u00edlej\u00ed se na veden\u00ed sv\u00fdch vrstevn\u00edk\u016f. St\u00e1vaj\u00ed se spolehliv\u011bj\u0161\u00edmi, z\u00edsk\u00e1vaj\u00ed samostatnost, sebed\u016fv\u011bru a schopnost spolupracovat.<\/p>\n\n\n\n<div class=\"wp-block-buttons is-horizontal is-content-justification-left is-layout-flex wp-container-core-buttons-is-layout-7e5fce0a wp-block-buttons-is-layout-flex\"><\/div>\n\n\n\n<div style=\"height:40px\" aria-hidden=\"true\" class=\"wp-block-spacer\"><\/div>\n<\/div>\n\n\n\n<div class=\"wp-block-column is-layout-flow wp-block-column-is-layout-flow\"><\/div>\n\n\n\n<div class=\"wp-block-column is-vertically-aligned-center is-layout-flow wp-block-column-is-layout-flow\" style=\"flex-basis:50%\">\n<figure class=\"wp-block-image size-large\"><img loading=\"lazy\" decoding=\"async\" width=\"799\" height=\"533\" src=\"https:\/\/skautizhoro.cz\/wp-content\/uploads\/2021\/03\/26612411478_f55ef84dca_c.jpg\" alt=\"\" class=\"wp-image-351\" srcset=\"https:\/\/skautizhoro.cz\/wp-content\/uploads\/2021\/03\/26612411478_f55ef84dca_c.jpg 799w, https:\/\/skautizhoro.cz\/wp-content\/uploads\/2021\/03\/26612411478_f55ef84dca_c-300x200.jpg 300w, https:\/\/skautizhoro.cz\/wp-content\/uploads\/2021\/03\/26612411478_f55ef84dca_c-768x512.jpg 768w\" sizes=\"auto, (max-width: 799px) 100vw, 799px\" \/><\/figure>\n<\/div>\n<\/div>\n<\/div><\/div>\n<\/div><\/div>\n\n\n\n<div class=\"wp-block-cover alignfull\" style=\"min-height:600px;aspect-ratio:unset;\"><span aria-hidden=\"true\" class=\"wp-block-cover__background has-nv-dark-bg-background-color has-background-dim-100 has-background-dim\"><\/span><div class=\"wp-block-cover__inner-container is-layout-flow wp-block-cover-is-layout-flow\">\n<div class=\"wp-block-group\"><div class=\"wp-block-group__inner-container is-layout-flow wp-block-group-is-layout-flow\">\n<div class=\"wp-block-columns are-vertically-aligned-center is-layout-flex wp-container-core-columns-is-layout-9d6595d7 wp-block-columns-is-layout-flex\">\n<div class=\"wp-block-column is-vertically-aligned-center is-layout-flow wp-block-column-is-layout-flow\" style=\"flex-basis:50%\">\n<figure class=\"wp-block-image size-large\"><img loading=\"lazy\" decoding=\"async\" width=\"800\" height=\"530\" src=\"https:\/\/skautizhoro.cz\/wp-content\/uploads\/2021\/03\/29164476934_1c53ac5c1f_c.jpg\" alt=\"\" class=\"wp-image-355\" srcset=\"https:\/\/skautizhoro.cz\/wp-content\/uploads\/2021\/03\/29164476934_1c53ac5c1f_c.jpg 800w, https:\/\/skautizhoro.cz\/wp-content\/uploads\/2021\/03\/29164476934_1c53ac5c1f_c-300x199.jpg 300w, https:\/\/skautizhoro.cz\/wp-content\/uploads\/2021\/03\/29164476934_1c53ac5c1f_c-768x509.jpg 768w\" sizes=\"auto, (max-width: 800px) 100vw, 800px\" \/><\/figure>\n<\/div>\n\n\n\n<div class=\"wp-block-column is-layout-flow wp-block-column-is-layout-flow\"><\/div>\n\n\n\n<div class=\"wp-block-column is-vertically-aligned-center is-layout-flow wp-block-column-is-layout-flow\" style=\"flex-basis:50%\">\n<div style=\"height:40px\" aria-hidden=\"true\" class=\"wp-block-spacer\"><\/div>\n\n\n\n<h3 class=\"wp-block-heading has-nv-text-dark-bg-color has-text-color\">Z\u00e1kladn\u00ed trojice princip\u016f skautingu<\/h3>\n\n\n\n<p class=\"has-nv-site-bg-color has-text-color\">Skautsk\u00e9 hnut\u00ed je zalo\u017eeno na t\u0159ech principech, kter\u00e9 se prom\u00edtaj\u00ed do skautsk\u00e9ho slibu i z\u00e1kona. Ud\u00e1vaj\u00ed sm\u011br cel\u00e9mu skautsk\u00e9mu hnut\u00ed:<\/p>\n\n\n\n<ul class=\"has-nv-site-bg-color has-text-color wp-block-list\">\n<li>odpov\u011bdnost za sebe a sv\u016fj rozvoj<\/li>\n\n\n\n<li>spolupr\u00e1ce, pochopen\u00ed a odpov\u011bdnost v\u016f\u010di druh\u00fdm lidem i \u017eivotn\u00edmu prost\u0159ed\u00ed<\/li>\n\n\n\n<li>hled\u00e1n\u00ed duchovn\u00edch hodnot, kter\u00e9 \u010dlov\u011bka p\u0159esahuj\u00ed<\/li>\n<\/ul>\n<\/div>\n<\/div>\n\n\n\n<div style=\"height:40px\" aria-hidden=\"true\" class=\"wp-block-spacer\"><\/div>\n<\/div><\/div>\n<\/div><\/div>\n\n\n\n<div class=\"wp-block-group\"><div class=\"wp-block-group__inner-container is-layout-flow wp-block-group-is-layout-flow\">\n<p><\/p>\n\n\n\n<h2 class=\"wp-block-heading has-text-align-center\">Poznejte skauting bl\u00ed\u017ee<\/h2>\n\n\n\n<hr class=\"wp-block-separator has-text-color has-neve-button-color-color has-css-opacity has-neve-button-color-background-color has-background is-style-default\"\/>\n\n\n\n<div class=\"wp-block-columns is-layout-flex wp-container-core-columns-is-layout-9d6595d7 wp-block-columns-is-layout-flex\">\n<div class=\"wp-block-column is-layout-flow wp-block-column-is-layout-flow\"><div class=\"wp-block-image\">\n<figure class=\"aligncenter size-large is-resized\"><img loading=\"lazy\" decoding=\"async\" src=\"https:\/\/skautizhoro.cz\/wp-content\/uploads\/2021\/03\/Screenshot_4.jpg\" alt=\"\" class=\"wp-image-358\" width=\"151\" height=\"128\"\/><\/figure>\n<\/div>\n\n\n<h4 class=\"wp-block-heading has-text-align-center\"><a href=\"https:\/\/www.skaut.cz\/skauting\/proc-skauting\/\">Pro\u010d se st\u00e1t skautem<\/a><\/h4>\n\n\n\n<p class=\"has-text-align-center\">Skauting pom\u00e1h\u00e1 va\u0161emu d\u00edt\u011bti b\u00fdt aktivn\u00ed a naj\u00edt vlastn\u00ed m\u00edsto ve sv\u011bt\u011b.<\/p>\n\n\n\n<p class=\"has-text-align-center\"><a href=\"https:\/\/www.skaut.cz\/skauting\/proc-skauting\/\">V\u00edce &nbsp;&gt;<\/a><\/p>\n<\/div>\n\n\n\n<div class=\"wp-block-column is-layout-flow wp-block-column-is-layout-flow\"><div class=\"wp-block-image\">\n<figure class=\"aligncenter size-large is-resized\"><img loading=\"lazy\" decoding=\"async\" src=\"https:\/\/skautizhoro.cz\/wp-content\/uploads\/2021\/03\/Screenshot_5.jpg\" alt=\"\" class=\"wp-image-361\" width=\"133\" height=\"113\"\/><\/figure>\n<\/div>\n\n\n<h4 class=\"wp-block-heading has-text-align-center\"><a href=\"https:\/\/www.skaut.cz\/skauting\/program\/\">Skautsk\u00fd program<\/a><\/h4>\n\n\n\n<p class=\"has-text-align-center\">N\u00e1pl\u0148 \u010dinnost\u00ed je r\u016fznorod\u00e1 a p\u0159izp\u016fsoben\u00e1 v\u011bku a pot\u0159eb\u00e1m d\u011bt\u00ed.<\/p>\n\n\n\n<p class=\"has-text-align-center\"><a href=\"https:\/\/www.skaut.cz\/skauting\/program\/\">V\u00edce &nbsp;&gt;<\/a><\/p>\n<\/div>\n\n\n\n<div class=\"wp-block-column is-layout-flow wp-block-column-is-layout-flow\"><div class=\"wp-block-image\">\n<figure class=\"aligncenter size-large is-resized\"><img loading=\"lazy\" decoding=\"async\" src=\"https:\/\/skautizhoro.cz\/wp-content\/uploads\/2021\/03\/Screenshot_6.jpg\" alt=\"\" class=\"wp-image-362\" width=\"156\" height=\"125\"\/><\/figure>\n<\/div>\n\n\n<h4 class=\"wp-block-heading has-text-align-center\"><a href=\"https:\/\/www.skaut.cz\/skauting\/historie\/\">Historie<\/a><\/h4>\n\n\n\n<p class=\"has-text-align-center\">V\u0161echno to za\u010dalo jedn\u00edm letn\u00edm t\u00e1borem pro 20 kluk\u016f v Brit\u00e1nii v roce 1907.<\/p>\n\n\n\n<p class=\"has-text-align-center\"><a href=\"https:\/\/www.skaut.cz\/skauting\/historie\/\">V\u00edce &nbsp;&gt;<\/a><\/p>\n<\/div>\n<\/div>\n<\/div><\/div>\n","protected":false},"excerpt":{"rendered":"<p>Parta na cel\u00fd \u017eivot Kamar\u00e1di z prvn\u00edch v\u00fdprav a t\u00e1bor\u016f jsou \u010dasto ti, se kter\u00fdmi d\u00edt\u011b \u017eije i cel\u00e9 dosp\u00edv\u00e1n\u00ed. Podobn\u00e9 hodnoty a netradi\u010dn\u00ed z\u00e1\u017eitky toti\u017e opravdu spojuj\u00ed. \u010clov\u011bk z\u00edsk\u00e1 pocit, \u017ee n\u011bkam pat\u0159\u00ed. Radost a z\u00e1\u017eitky Ak\u010dn\u00ed hry, spole\u010dn\u00e9 v\u00fdpravy a no\u010dn\u00ed bojovky udr\u017euj\u00ed celo\u017eivotn\u00ed hravost, zv\u00eddavost a z\u00e1pal. Samostatnost Skaut mlad\u00e9 lidi u\u010d\u00ed&hellip;&nbsp;<a href=\"https:\/\/skautizhoro.cz\/\" class=\"\" rel=\"bookmark\">\u010c\u00edst d\u00e1le &raquo;<span class=\"screen-reader-text\">\u00davod<\/span><\/a><\/p>\n","protected":false},"author":2,"featured_media":0,"parent":0,"menu_order":0,"comment_status":"closed","ping_status":"closed","template":"","meta":{"neve_meta_sidebar":"default","neve_meta_container":"default","neve_meta_enable_content_width":"on","neve_meta_content_width":100,"neve_meta_title_alignment":"","neve_meta_author_avatar":"","neve_post_elements_order":"","neve_meta_disable_header":"","neve_meta_disable_footer":"","neve_meta_disable_title":"on","footnotes":""},"class_list":["post-230","page","type-page","status-publish","hentry"],"_links":{"self":[{"href":"https:\/\/skautizhoro.cz\/index.php?rest_route=\/wp\/v2\/pages\/230","targetHints":{"allow":["GET"]}}],"collection":[{"href":"https:\/\/skautizhoro.cz\/index.php?rest_route=\/wp\/v2\/pages"}],"about":[{"href":"https:\/\/skautizhoro.cz\/index.php?rest_route=\/wp\/v2\/types\/page"}],"author":[{"embeddable":true,"href":"https:\/\/skautizhoro.cz\/index.php?rest_route=\/wp\/v2\/users\/2"}],"replies":[{"embeddable":true,"href":"https:\/\/skautizhoro.cz\/index.php?rest_route=%2Fwp%2Fv2%2Fcomments&post=230"}],"version-history":[{"count":21,"href":"https:\/\/skautizhoro.cz\/index.php?rest_route=\/wp\/v2\/pages\/230\/revisions"}],"predecessor-version":[{"id":1051,"href":"https:\/\/skautizhoro.cz\/index.php?rest_route=\/wp\/v2\/pages\/230\/revisions\/1051"}],"wp:attachment":[{"href":"https:\/\/skautizhoro.cz\/index.php?rest_route=%2Fwp%2Fv2%2Fmedia&parent=230"}],"curies":[{"name":"wp","href":"https:\/\/api.w.org\/{rel}","templated":true}]}}